{"id":10598,"date":"2018-01-04T11:49:48","date_gmt":"2018-01-04T10:49:48","guid":{"rendered":"https:\/\/konsbud.com\/our-offer\/konstrukcje-z-drewna-klejonego\/"},"modified":"2023-12-19T21:03:20","modified_gmt":"2023-12-19T20:03:20","slug":"glulam-structures","status":"publish","type":"page","link":"https:\/\/konsbud.com\/en\/our-offer\/glulam-structures\/","title":{"rendered":"Glulam structures"},"content":{"rendered":"<p><section class=\"kc-elm kc-css-667106 kc_row\"><div class=\"kc-row-container  kc-container\"><div class=\"kc-wrap-columns\"><div class=\"kc-elm kc-css-474912 kc_col-sm-6 kc_column kc_col-sm-6\"><div class=\"kc-col-container\"><div class=\"kc-elm kc-css-781829 kc_shortcode kc_single_image\">\n\n        <img decoding=\"async\" src=\"https:\/\/konsbud.com\/wp-content\/uploads\/2023\/12\/glulam_en-1.jpg\" class=\"\" alt=\"\" \/>    <\/div>\n<\/div><\/div><div class=\"kc-elm kc-css-349010 kc_col-sm-6 kc_column kc_col-sm-6\"><div class=\"kc-col-container\"><div class=\"kc-elm kc-css-690018 kc_text_block\"><\/p>\n<p>We offer our services to all construction and engineering companies or individual design engineers creating glulam structures. Thanks to our knowledge and experience, we can verify your design to make your structure more economical. With our extensive design experience, we can implement even your most sophisticated architectural visions and individual concepts.<br \/>\nIf you are interested in glulam structures, then you can contact us at the design stage. We can help you design the most economical structure. Thanks to our extensive experience with the design and fabrication of glulam structures, you can be sure to get a competitive quote for your project.<\/p>\n<p>\n<\/div><\/div><\/div><\/div><\/div><\/section><section data-kc-fullwidth=\"row\" class=\"kc-elm kc-css-670496 kc_row\"><div class=\"kc-row-container  kc-container\"><div class=\"kc-wrap-columns\"><div class=\"kc-elm kc-css-45599 kc_col-sm-12 kc_column kc_col-sm-12\"><div class=\"kc-col-container\"><div class=\"kc-elm kc-css-561311 kc_text_block\"><\/p>\n<p><strong style=\"font-size: 20px;\">Design<br \/>\n<\/strong><br \/>\nWe are a team of qualified and experienced engineers who accept even the most unconventional jobs. Regardless of the complexity of the glulam structure, our engineers have the expertise, commitment and qualifications required to find a solution tailored to your needs. That is how we gain their trust and win further jobs. We choose the best solutions, and can calculate and draw the solution most suited to your needs or even prepare a detailed design. The relevant documentation and 3D files are sent to you in a digital form. The structural design is signed by an engineer with a suitable licence. The documents can then be used by professionals on-site.<\/p>\n<p>\n<\/div><\/div><\/div><\/div><\/div><\/section><section class=\"kc-elm kc-css-928743 kc_row\"><div class=\"kc-row-container  kc-container\"><div class=\"kc-wrap-columns\"><div class=\"kc-elm kc-css-723981 kc_col-sm-12 kc_column kc_col-sm-12\"><div class=\"kc-col-container\"><div class=\"kc-elm kc-css-808556 kc_text_block\"><\/p>\n<p><strong style=\"color: #9e5d24; font-size: 20px;\">Production<br \/>\n<\/strong><br \/>\nThanks to the equipment we use in our factory, the production process is precise and fully automatic. This allows us to make high-quality prefabricated items at a significantly lower cost. Together with our professional machine operators, we can easily respond to your needs while maintaining a low price and high quality.<br \/>\nThe production process is fully mechanised and highly automated to conform to all relevant production requirements, ensuring precise measurements and the ability to handle large quantities of the material at the right time. We have CNC woodworking centres made by Uniteam, and thanks to such advanced machinery, the production process is fully automated, precise and reproducible.<\/p>\n<p>\n<\/div><\/div><\/div><\/div><\/div><\/section><section class=\"kc-elm kc-css-641796 kc_row\"><div class=\"kc-row-container  kc-container\"><div class=\"kc-wrap-columns\"><div class=\"kc-elm kc-css-326983 kc_col-sm-12 kc_column kc_col-sm-12\"><div class=\"kc-col-container\"><!--Ceo Section-->\r\n<section class=\"ceo-section\" id=\"section-646939\">\r\n    <div class=\"auto-container\">\r\n        <div class=\"row clearfix\">\r\n                            <!--Image Column-->\r\n                <div class=\"image-column col-md-6 col-sm-12 col-xs-12\">\r\n                    <div class=\"image\">\r\n                        <img decoding=\"async\" src=\"https:\/\/konsbud.com\/wp-content\/uploads\/2023\/01\/foto1-1.jpg\" alt=\"image\" \/>\r\n                    <\/div>\r\n                <\/div>\r\n                <!--Content Column-->\r\n                <div class=\"content-column col-md-6 col-sm-12 col-xs-12\">\r\n                    <div class=\"inner-column\">\r\n                        <div class=\"text\" style=\"background-color: #9e5d24\"><h3 style=\"color:#fff\"> Erection<\/h3>\r\n<p>This is certainly the most flexible and customised stage of every construction project. Thanks to our on-site crews and high-class equipment, we can provide top-quality services and deliver on very tight timelines. We have experience with a wide variety of structures:<\/p>\r\n<ul>\r\n<li>sports halls and event halls<\/li>\r\n<li> gyms<\/li>\r\n<li>industrial and production buildings<\/li>\r\n<li>iwarehouses<\/li>\r\n<li>iswimming pools<\/li>\r\n<li>iequestrian arenas<\/li>\r\n<li>itennis courts<\/li>\r\n<li>iconservatories<\/li>\r\n<li>itimber-frame houses<\/li>\r\n<\/ul>\r\n<\/div>\r\n                    <\/div>\r\n                <\/div>\r\n                    <\/div>\r\n    <\/div>\r\n<\/section>\r\n<style>\r\n\r\n    #section-646939 .content-column .inner-column .text{\r\n        color: #fff;\r\n        padding: 30px;\r\n        position: absolute;\r\n        width: 115%;\r\n        z-index: 99;\r\n                right:0;\r\n            }\r\n\r\n<\/style>\r\n<!--End Ceo Section--><\/div><\/div><\/div><\/div><\/section><section class=\"kc-elm kc-css-227743 kc_row\"><div class=\"kc-row-container  kc-container\"><div class=\"kc-wrap-columns\"><div class=\"kc-elm kc-css-8364 kc_col-sm-12 kc_column kc_col-sm-12\"><div class=\"kc-col-container\"><div class=\"kc-elm kc-css-502896 odstep-klejone\" style=\"height: 150px; clear: both; width:100%;\"><\/div><\/div><\/div><\/div><\/div><\/section><section data-kc-fullwidth=\"content\" class=\"kc-elm kc-css-560229 kc_row\"><div class=\"kc-row-container\"><div class=\"kc-wrap-columns\"><div class=\"kc-elm kc-css-877539 kc_col-sm-12 kc_column kc_col-sm-12\"><div class=\"kc-col-container\"><!--Call To Action-->\n<section class=\"call-to-action-section\" style=\"background-image:url('')\">\n    <div class=\"auto-container\">\n        <div class=\"row clearfix\">\n            <div class=\"column col-md-12 col-sm-12 col-xs-12\">\n                <h3 style=\"font-weight: bolder;  \">Individual items<\/h3>\n                <p style=\"\">Structural glulam provides virtually limitless possibilities as to the form of the timber members. This enables the implementation of even the most elaborate individual designs. The long spans that can be achieved with structural glulam enable maximum use of the available area and help keep the price of the structure relatively low in comparison to other technologies. We can deliver glulam products for all kinds of individual projects.<\/p>\n            <\/div>\n        <\/div>\n    <\/div>\n<\/section>\n<!--End Call To Action--><\/div><\/div><\/div><\/div><\/section><section class=\"kc-elm kc-css-231702 kc_row\"><div class=\"kc-row-container  kc-container\"><div class=\"kc-wrap-columns\"><div class=\"kc-elm kc-css-560222 kc_col-sm-12 kc_column kc_col-sm-12\"><div class=\"kc-col-container\"><!--Ceo Section-->\r\n<section class=\"ceo-section\" id=\"section-13116\">\r\n    <div class=\"auto-container\">\r\n        <div class=\"row clearfix\">\r\n            \r\n            <!--Content Column-->\r\n            <div class=\"content-column col-md-6 col-sm-12 col-xs-12\">\r\n                <div class=\"inner-column\">\r\n                    <div class=\"text\" style=\"background-color: #9e5d24\"><h3 style=\"color:#fff\">STANDARD ITEMS\r\n<\/h3>\r\n<p> We deliver standard structural members from glulam, and most sections are in stock at all times. Here you can find a brief description of our product: <\/p>\r\n<ul>\r\n\r\n\r\n<li>glulam from the best North American timber<\/li>\r\nexcellent and constant quality thanks to appropriate material selection<\/li>\r\n<li>enormous warehouses with over 60 standard sections<\/li>\r\n<li>short lead times for custom sections<\/li>\r\n<li>items cut to specific lengths and professionally wrapped in plastic<\/li>\r\n<li>full range of consulting services regarding structural glulam<\/li>\r\n<li>timber grades from GL 24 to GL 32<\/li>\r\n<li>timber packed individually or supplied in packages<\/li>\r\n<li>visible quality<\/li>\r\n<li>double quality control<\/li>\r\n<li>weather resistance<\/li>\r\n<li>chamfered edges<\/li>\r\n<li>on-time delivery<\/li>\r\n<\/ul>\r\n<\/div>\r\n                <\/div>\r\n            <\/div>\r\n                <!--Image Column-->\r\n                <div class=\"image-column col-md-6 col-sm-12 col-xs-12\">\r\n                    <div class=\"image\">\r\n                        <img decoding=\"async\" src=\"https:\/\/konsbud.com\/wp-content\/uploads\/2023\/01\/foto2.jpg\" alt=\"image\" \/>\r\n                    <\/div>\r\n                <\/div>\r\n                    <\/div>\r\n    <\/div>\r\n<\/section>\r\n<style>\r\n\r\n    #section-13116 .content-column .inner-column .text{\r\n        color: #fff;\r\n        padding: 30px;\r\n        position: absolute;\r\n        width: 115%;\r\n        z-index: 99;\r\n            }\r\n\r\n<\/style>\r\n<!--End Ceo Section--><\/div><\/div><\/div><\/div><\/section><section class=\"kc-elm kc-css-608010 kc_row\"><div class=\"kc-row-container  kc-container\"><div class=\"kc-wrap-columns\"><div class=\"kc-elm kc-css-889895 kc_col-sm-12 kc_column kc_col-sm-12\"><div class=\"kc-col-container\"><div class=\"kc-elm kc-css-801399 odstep-klejone\" style=\"height: 150px; clear: both; width:100%;\"><\/div><\/div><\/div><\/div><\/div><\/section><section class=\"kc-elm kc-css-98662 kc_row\"><div class=\"kc-row-container  kc-container\"><div class=\"kc-wrap-columns\"><div class=\"kc-elm kc-css-567472 kc_col-sm-12 kc_column kc_col-sm-12\"><div class=\"kc-col-container\"><!--Ceo Section-->\r\n<section class=\"ceo-section\" id=\"section-988938\">\r\n    <div class=\"auto-container\">\r\n        <div class=\"row clearfix\">\r\n            \r\n            <!--Content Column-->\r\n            <div class=\"content-column col-md-6 col-sm-12 col-xs-12\">\r\n                <div class=\"inner-column\">\r\n                    <div class=\"text\" style=\"background-color: \"><h3 style=\"color:#9e5d24\">Delivery<\/h3>\r\n<p> Thanks to our permanent partnership with logistics companies that handle standard and oversized shipments, we can deliver our products on time to any place in Poland. We can also guarantee reliable delivery thanks to our experience and expertise with the shipping of such structures and our modern transport fleet. All trucks have GPS transmitters so that we can continuously monitor the vehicles that deliver the structures to you.<\/p>\r\n<\/div>\r\n                <\/div>\r\n            <\/div>\r\n                <!--Image Column-->\r\n                <div class=\"image-column col-md-6 col-sm-12 col-xs-12\">\r\n                    <div class=\"image\">\r\n                        <img decoding=\"async\" src=\"https:\/\/konsbud.com\/wp-content\/uploads\/2022\/11\/foto3-1.jpg\" alt=\"image\" \/>\r\n                    <\/div>\r\n                <\/div>\r\n                    <\/div>\r\n    <\/div>\r\n<\/section>\r\n<style>\r\n\r\n    #section-988938 .content-column .inner-column .text{\r\n        color: #797979;\r\n    }\r\n\r\n<\/style>\r\n<!--End Ceo Section--><\/div><\/div><\/div><\/div><\/section><section class=\"kc-elm kc-css-932118 kc_row\"><div class=\"kc-row-container  kc-container\"><div class=\"kc-wrap-columns\"><div class=\"kc-elm kc-css-157323 kc_col-sm-12 kc_column kc_col-sm-12\"><div class=\"kc-col-container\"><div class=\"kc-elm kc-css-502904 odstep-klejone\" style=\"height: 99px; clear: both; width:100%;\"><\/div><div class=\"kc-elm kc-css-648798 kc_text_block\"><\/p>\n<p style=\"text-align: center;\"><span style=\"font-size: 14pt;\">Find out how we can help you with your project!<br \/>\n<\/span><\/p>\n<p>\n<\/div><div class=\"kc-elm kc-css-626464\" style=\"height: 53px; clear: both; width:100%;\"><\/div><\/div><\/div><\/div><\/div><\/section><section data-kc-fullwidth=\"content\" class=\"kc-elm kc-css-112974 kc_row\"><div class=\"kc-row-container\"><div class=\"kc-wrap-columns\"><div class=\"kc-elm kc-css-518206 kc_col-sm-4 kc_column kc_col-sm-4\"><div class=\"kc-col-container\"><div class=\"kc-elm kc-css-573610 kc_shortcode kc_single_image\">\n\n        <img decoding=\"async\" src=\"https:\/\/konsbud.com\/wp-content\/uploads\/2022\/11\/Screenshot-2022-11-17-at-13.48.19-150x150.png\" class=\"\" alt=\"\" \/>    \t    <p class=\"scapt\">Consulting and a good understanding of the intentions of our contractors and clients<\/p>\n\t    <\/div>\n<\/div><\/div><div class=\"kc-elm kc-css-903664 kc_col-sm-4 kc_column kc_col-sm-4\"><div class=\"kc-col-container\"><div class=\"kc-elm kc-css-616560 kc_shortcode kc_single_image\">\n\n        <img decoding=\"async\" src=\"https:\/\/konsbud.com\/wp-content\/uploads\/2022\/11\/Screenshot-2022-11-17-at-13.48.42-150x150.png\" class=\"\" alt=\"\" \/>    \t    <p class=\"scapt\">Designing and choosing the right timber structure<\/p>\n\t    <\/div>\n<\/div><\/div><div class=\"kc-elm kc-css-480040 kc_col-sm-4 kc_column kc_col-sm-4\"><div class=\"kc-col-container\"><div class=\"kc-elm kc-css-910841 kc_shortcode kc_single_image\">\n\n        <img decoding=\"async\" src=\"https:\/\/konsbud.com\/wp-content\/uploads\/2022\/11\/Screenshot-2022-11-17-at-13.48.53-150x150.png\" class=\"\" alt=\"\" \/>    \t    <p class=\"scapt\">Production\/prefabrication of structures<\/p>\n\t    <\/div>\n<\/div><\/div><\/div><\/div><\/section><section data-kc-fullwidth=\"content\" class=\"kc-elm kc-css-978875 kc_row\"><div class=\"kc-row-container\"><div class=\"kc-wrap-columns\"><div class=\"kc-elm kc-css-154035 kc_col-sm-4 kc_column kc_col-sm-4\"><div class=\"kc-col-container\"><div class=\"kc-elm kc-css-583239 kc_shortcode kc_single_image\">\n\n        <img decoding=\"async\" src=\"https:\/\/konsbud.com\/wp-content\/uploads\/2022\/11\/Screenshot-2022-11-17-at-13.48.21-150x150.png\" class=\"\" alt=\"\" \/>    \t    <p class=\"scapt\">Delivery to the indicated location in Europe<\/p>\n\t    <\/div>\n<\/div><\/div><div class=\"kc-elm kc-css-881920 kc_col-sm-4 kc_column kc_col-sm-4\"><div class=\"kc-col-container\"><div class=\"kc-elm kc-css-790627 kc_shortcode kc_single_image\">\n\n        <img decoding=\"async\" src=\"https:\/\/konsbud.com\/wp-content\/uploads\/2022\/11\/Screenshot-2022-11-17-at-13.48.44-150x150.png\" class=\"\" alt=\"\" \/>    \t    <p class=\"scapt\">Safe and professional erection of structures<\/p>\n\t    <\/div>\n<\/div><\/div><div class=\"kc-elm kc-css-569811 kc_col-sm-4 kc_column kc_col-sm-4\"><div class=\"kc-col-container\"><div class=\"kc-elm kc-css-256140 kc_shortcode kc_single_image\">\n\n        <img decoding=\"async\" src=\"https:\/\/konsbud.com\/wp-content\/uploads\/2022\/11\/Screenshot-2022-11-17-at-13.48.56-150x150.png\" class=\"\" alt=\"\" \/>    \t    <p class=\"scapt\">Technical support by our engineers<\/p>\n\t    <\/div>\n<\/div><\/div><\/div><\/div><\/section><section class=\"kc-elm kc-css-297881 kc_row\"><div class=\"kc-row-container  kc-container\"><div class=\"kc-wrap-columns\"><div class=\"kc-elm kc-css-229724 kc_col-sm-6 kc_column kc_col-sm-6\"><div class=\"kc-col-container\"><div class=\"kc-elm kc-css-382858 kc_text_block\"><\/p>\n<p style=\"text-align: center;\">Interested in our product<br \/>\nglulam structures?<br \/>\n<b>Write to us!<br \/>\n<\/b>We will call you back and arrange all the details<br \/>\n<b><br \/>\n<\/b><\/p>\n<p>\n<\/div><\/div><\/div><div class=\"kc-elm kc-css-164772 kc_col-sm-6 kc_column kc_col-sm-6\"><div class=\"kc-col-container\"><div class=\"kc-contact-form7 kc-elm kc-css-953966 contact-form\">\n<div class=\"wpcf7 no-js\" id=\"wpcf7-f6320-o1\" lang=\"pl-PL\" dir=\"ltr\" data-wpcf7-id=\"6320\">\n<div class=\"screen-reader-response\"><p role=\"status\" aria-live=\"polite\" aria-atomic=\"true\"><\/p> <ul><\/ul><\/div>\n<form action=\"\/en\/wp-json\/wp\/v2\/pages\/10598#wpcf7-f6320-o1\" method=\"post\" class=\"wpcf7-form init\" aria-label=\"Formularz kontaktowy\" novalidate=\"novalidate\" data-status=\"init\">\n<fieldset class=\"hidden-fields-container\"><input type=\"hidden\" name=\"_wpcf7\" value=\"6320\" \/><input type=\"hidden\" name=\"_wpcf7_version\" value=\"6.1.5\" \/><input type=\"hidden\" name=\"_wpcf7_locale\" value=\"pl_PL\" \/><input type=\"hidden\" name=\"_wpcf7_unit_tag\" value=\"wpcf7-f6320-o1\" \/><input type=\"hidden\" name=\"_wpcf7_container_post\" value=\"0\" \/><input type=\"hidden\" name=\"_wpcf7_posted_data_hash\" value=\"\" \/><input type=\"hidden\" name=\"_wpcf7_recaptcha_response\" value=\"\" \/>\n<\/fieldset>\n<div class=\"row clearfix\">\n\t<div class=\"col-md-12 col-sm-12 col-xs-12 form-group\">\n\t\t<p><span class=\"wpcf7-form-control-wrap\" data-name=\"text-196\"><input size=\"40\" maxlength=\"400\" class=\"wpcf7-form-control wpcf7-text wpcf7-validates-as-required\" aria-required=\"true\" aria-invalid=\"false\" placeholder=\"Imi\u0119 i nazwisko\" value=\"\" type=\"text\" name=\"text-196\" \/><\/span>\n\t\t<\/p>\n\t<\/div>\n\t<div class=\"col-md-12 col-sm-12 col-xs-12 form-group\">\n\t\t<p><span class=\"wpcf7-form-control-wrap\" data-name=\"email-454\"><input size=\"40\" maxlength=\"400\" class=\"wpcf7-form-control wpcf7-email wpcf7-validates-as-required wpcf7-text wpcf7-validates-as-email\" aria-required=\"true\" aria-invalid=\"false\" placeholder=\"Adres e-mail\" value=\"\" type=\"email\" name=\"email-454\" \/><\/span>\n\t\t<\/p>\n\t<\/div>\n\t<div class=\"col-md-12 col-sm-12 col-xs-12 form-group\">\n\t\t<p><span class=\"wpcf7-form-control-wrap\" data-name=\"tel-464\"><input size=\"40\" maxlength=\"400\" class=\"wpcf7-form-control wpcf7-text wpcf7-validates-as-required\" aria-required=\"true\" aria-invalid=\"false\" placeholder=\"Telefon\" value=\"\" type=\"text\" name=\"tel-464\" \/><\/span>\n\t\t<\/p>\n\t<\/div>\n\t<div class=\"col-lg-12 col-md-12 col-sm-12 col-xs-12 form-group\">\n\t\t<p><span class=\"wpcf7-form-control-wrap\" data-name=\"acceptance-576\"><span class=\"wpcf7-form-control wpcf7-acceptance\"><span class=\"wpcf7-list-item\"><label><input type=\"checkbox\" name=\"acceptance-576\" value=\"1\" aria-invalid=\"false\" \/><span class=\"wpcf7-list-item-label\">Wyra\u017cam zgod\u0119 na przetwarzanie moich danych osobowych dla realizacji cel\u00f3w i na zasadach okre\u015blonych w <a href=\"\/polityka-prywatnosci\" target=\"_blank\">Polityce prywatno\u015bci<\/a><\/span><\/label><\/span><\/span><\/span>\n\t\t<\/p>\n\t<\/div>\n\t<div class=\"col-lg-12 col-md-12 col-sm-12 col-xs-12 form-group\">\n\t<input class=\"wpcf7-form-control wpcf7-hidden\" id=\"product-field\" value=\"\" type=\"hidden\" name=\"product-field\" \/>\n\t\t<p><input class=\"wpcf7-form-control wpcf7-submit has-spinner theme-btn btn-style-four\" type=\"submit\" value=\"Wy\u015blij\" \/>\n\t\t<\/p>\n\t<\/div>\n<\/div><div class=\"wpcf7-response-output\" aria-hidden=\"true\"><\/div>\n<\/form>\n<\/div>\n<\/div><div class=\"kc-elm kc-css-107533 kc-raw-code\"><script>\r\nconst attributeValue = \"Glulam structures\"\r\nconst element = document.getElementById(\"product-field\");\r\nelement.setAttribute(\"value\", attributeValue)\r\n<\/script><\/div><\/div><\/div><\/div><\/div><\/section><section data-kc-fullwidth=\"row\" class=\"kc-elm kc-css-545631 kc_row\"><div class=\"kc-row-container  kc-container\"><div class=\"kc-wrap-columns\"><div class=\"kc-elm kc-css-526879 kc_col-sm-6 kc_column kc_col-sm-6\"><div class=\"kc-col-container\"><div class=\"kc-elm kc-css-209517 kc_text_block\"><\/p>\n<h2 style=\"color: #fff;\">More information about our<br \/>\nglulam structures<\/h2>\n<hr \/>\n<p><a style=\"color: #fff;\" href=\"https:\/\/e-konstrukcje.pl\" target=\"_blank\" rel=\"noopener\">www.e-konstrukcje.pl<\/a><\/p>\n<p>\n<\/div><\/div><\/div><div class=\"kc-elm kc-css-514896 kc_col-sm-6 kc_column kc_col-sm-6\"><div class=\"kc-col-container\"><div class=\"kc-elm kc-css-598716 kc_shortcode kc_single_image\">\n\n        <img decoding=\"async\" src=\"https:\/\/konsbud.com\/wp-content\/uploads\/2023\/02\/slupowo-ryglowa-typu-belki-ze-sciagiem.jpg.webp\" class=\"\" alt=\"\" \/>    <\/div>\n<\/div><\/div><\/div><\/div><\/section><\/p>\n","protected":false},"excerpt":{"rendered":"","protected":false},"author":3,"featured_media":0,"parent":10588,"menu_order":0,"comment_status":"closed","ping_status":"closed","template":"","meta":{"footnotes":""},"class_list":["post-10598","page","type-page","status-publish","hentry"],"_links":{"self":[{"href":"https:\/\/konsbud.com\/en\/wp-json\/wp\/v2\/pages\/10598","targetHints":{"allow":["GET"]}}],"collection":[{"href":"https:\/\/konsbud.com\/en\/wp-json\/wp\/v2\/pages"}],"about":[{"href":"https:\/\/konsbud.com\/en\/wp-json\/wp\/v2\/types\/page"}],"author":[{"embeddable":true,"href":"https:\/\/konsbud.com\/en\/wp-json\/wp\/v2\/users\/3"}],"replies":[{"embeddable":true,"href":"https:\/\/konsbud.com\/en\/wp-json\/wp\/v2\/comments?post=10598"}],"version-history":[{"count":6,"href":"https:\/\/konsbud.com\/en\/wp-json\/wp\/v2\/pages\/10598\/revisions"}],"predecessor-version":[{"id":10752,"href":"https:\/\/konsbud.com\/en\/wp-json\/wp\/v2\/pages\/10598\/revisions\/10752"}],"up":[{"embeddable":true,"href":"https:\/\/konsbud.com\/en\/wp-json\/wp\/v2\/pages\/10588"}],"wp:attachment":[{"href":"https:\/\/konsbud.com\/en\/wp-json\/wp\/v2\/media?parent=10598"}],"curies":[{"name":"wp","href":"https:\/\/api.w.org\/{rel}","templated":true}]}}