{"id":10648,"date":"2022-10-24T22:04:30","date_gmt":"2022-10-24T20:04:30","guid":{"rendered":"https:\/\/konsbud.com\/our-offer\/domy-modulowe\/"},"modified":"2023-12-19T21:47:57","modified_gmt":"2023-12-19T20:47:57","slug":"modular-homes","status":"publish","type":"page","link":"https:\/\/konsbud.com\/en\/our-offer\/modular-homes\/","title":{"rendered":"MODULAR HOMES"},"content":{"rendered":"<p><section class=\"kc-elm kc-css-73585 kc_row\"><div class=\"kc-row-container  kc-container\"><div class=\"kc-wrap-columns\"><div class=\"kc-elm kc-css-721063 kc_col-sm-12 kc_column kc_col-sm-12\"><div class=\"kc-col-container\"><div class=\"kc-elm kc-css-932536 kc_text_block\"><\/p>\n<h2>Modern, all-year modular homes from sandwich panels<\/h2>\n<p>Modern, all-year modular homes from sandwich panels<br \/>We build modular homes from sandwich panels, which are enjoying increasing popularity thanks to their modern, minimalist design and sustainability.\u2028<br \/>Such homes also furnish their owners with a private space to pursue their dreams much sooner than conventional houses. Modular homes are becoming increasingly popular every year, and in many countries they are already a standard and commonly used solution.\u2028Modern modular homes are places where you can live throughout the year.\u2028<\/p>\n<p>What we offer includes two home designs:<\/p>\n<p>\n<\/div><\/div><\/div><\/div><\/div><\/section><section class=\"kc-elm kc-css-723246 kc_row\"><div class=\"kc-row-container  kc-container\"><div class=\"kc-wrap-columns\"><div class=\"kc-elm kc-css-996987 kc_col-sm-12 kc_column kc_col-sm-12\"><div class=\"kc-col-container\"><div class=\"kc-elm kc-css-825479\" style=\"height: 50px; clear: both; width:100%;\"><\/div><\/div><\/div><\/div><\/div><\/section><section class=\"kc-elm kc-css-36490 kc_row\"><div class=\"kc-row-container  kc-container\"><div class=\"kc-wrap-columns\"><div class=\"kc-elm kc-css-366613 kc_col-sm-12 kc_column kc_col-sm-12\"><div class=\"kc-col-container\"><div class=\"kc-elm kc-css-510550\">\n\t<div class=\"kc-carousel_images kc-elm kc-css-510550\">\n\t\n\t\t<div class=\"kc-carousel-images owl-carousel-images kc-sync1  owl-nav-round\" data-owl-i-options='{\"items\":\"5\",\"tablet\":\"2\",\"mobile\":\"1\",\"speed\":\"500\",\"navigation\":\"yes\",\"pagination\":\"yes\",\"autoheight\":\"\",\"progressbar\":\"\",\"delay\":\"8\",\"autoplay\":\"yes\",\"showthumb\":\"\",\"num_thumb\":\"5\"}'>\n\t\n\t\t\t\t\t<div class=\"item\">\n\t\n\t\t\t<a class=\"kc-image-link kc-pretty-photo\" data-lightbox=\"kc-lightbox\" rel=\"prettyPhoto[510550]\" href=\"https:\/\/konsbud.com\/wp-content\/uploads\/2023\/01\/U9.jpg\"><img decoding=\"async\" src=\"https:\/\/konsbud.com\/wp-content\/uploads\/2023\/01\/U9-370x370.jpg\" alt=\"\" \/><\/a>\t\n\t\t\t<\/div>\n\t\n\t\t\t\t\t<div class=\"item\">\n\t\n\t\t\t<a class=\"kc-image-link kc-pretty-photo\" data-lightbox=\"kc-lightbox\" rel=\"prettyPhoto[510550]\" href=\"https:\/\/konsbud.com\/wp-content\/uploads\/2023\/01\/U5.jpg\"><img decoding=\"async\" src=\"https:\/\/konsbud.com\/wp-content\/uploads\/2023\/01\/U5-370x370.jpg\" alt=\"\" \/><\/a>\t\n\t\t\t<\/div>\n\t\n\t\t\t\t\t<div class=\"item\">\n\t\n\t\t\t<a class=\"kc-image-link kc-pretty-photo\" data-lightbox=\"kc-lightbox\" rel=\"prettyPhoto[510550]\" href=\"https:\/\/konsbud.com\/wp-content\/uploads\/2023\/01\/U2.jpg\"><img decoding=\"async\" src=\"https:\/\/konsbud.com\/wp-content\/uploads\/2023\/01\/U2-370x370.jpg\" alt=\"\" \/><\/a>\t\n\t\t\t<\/div>\n\t\n\t\t\t\t\t<div class=\"item\">\n\t\n\t\t\t<a class=\"kc-image-link kc-pretty-photo\" data-lightbox=\"kc-lightbox\" rel=\"prettyPhoto[510550]\" href=\"https:\/\/konsbud.com\/wp-content\/uploads\/2023\/01\/PARTER.png\"><img decoding=\"async\" src=\"https:\/\/konsbud.com\/wp-content\/uploads\/2023\/01\/PARTER-370x370.png\" alt=\"\" \/><\/a>\t\n\t\t\t<\/div>\n\t\n\t\t\t\t\t<div class=\"item\">\n\t\n\t\t\t<a class=\"kc-image-link kc-pretty-photo\" data-lightbox=\"kc-lightbox\" rel=\"prettyPhoto[510550]\" href=\"https:\/\/konsbud.com\/wp-content\/uploads\/2023\/01\/minor4-2.jpg\"><img decoding=\"async\" src=\"https:\/\/konsbud.com\/wp-content\/uploads\/2023\/01\/minor4-2-370x370.jpg\" alt=\"\" \/><\/a>\t\n\t\t\t<\/div>\n\t\n\t\t\t\t\t<div class=\"item\">\n\t\n\t\t\t<a class=\"kc-image-link kc-pretty-photo\" data-lightbox=\"kc-lightbox\" rel=\"prettyPhoto[510550]\" href=\"https:\/\/konsbud.com\/wp-content\/uploads\/2023\/01\/minor3-2.jpg\"><img decoding=\"async\" src=\"https:\/\/konsbud.com\/wp-content\/uploads\/2023\/01\/minor3-2-370x370.jpg\" alt=\"\" \/><\/a>\t\n\t\t\t<\/div>\n\t\n\t\t\t\t\t<div class=\"item\">\n\t\n\t\t\t<a class=\"kc-image-link kc-pretty-photo\" data-lightbox=\"kc-lightbox\" rel=\"prettyPhoto[510550]\" href=\"https:\/\/konsbud.com\/wp-content\/uploads\/2023\/01\/minor2-2.jpg\"><img decoding=\"async\" src=\"https:\/\/konsbud.com\/wp-content\/uploads\/2023\/01\/minor2-2-370x370.jpg\" alt=\"\" \/><\/a>\t\n\t\t\t<\/div>\n\t\n\t\t\t\t\t<div class=\"item\">\n\t\n\t\t\t<a class=\"kc-image-link kc-pretty-photo\" data-lightbox=\"kc-lightbox\" rel=\"prettyPhoto[510550]\" href=\"https:\/\/konsbud.com\/wp-content\/uploads\/2023\/01\/minor1-2.jpg\"><img decoding=\"async\" src=\"https:\/\/konsbud.com\/wp-content\/uploads\/2023\/01\/minor1-2-370x370.jpg\" alt=\"\" \/><\/a>\t\n\t\t\t<\/div>\n\t\n\t\t\t\n\t\t<\/div>\n\t\n\t\t\t<\/div>\n<\/div>\n<\/div><\/div><\/div><\/div><\/section><section class=\"kc-elm kc-css-71294 kc_row\"><div class=\"kc-row-container  kc-container\"><div class=\"kc-wrap-columns\"><div class=\"kc-elm kc-css-863651 kc_col-sm-12 kc_column kc_col-sm-12\"><div class=\"kc-col-container\"><div class=\"kc-elm kc-css-148836\" style=\"height: 50px; clear: both; width:100%;\"><\/div><\/div><\/div><\/div><\/div><\/section><section class=\"kc-elm kc-css-73445 kc_row\"><div class=\"kc-row-container  kc-container\"><div class=\"kc-wrap-columns\"><div class=\"kc-elm kc-css-397100 kc_col-sm-4 kc_column kc_col-sm-4\"><div class=\"kc-col-container\"><div class=\"kc-elm kc-css-794109 kc_shortcode kc_single_image\">\n\n        <img decoding=\"async\" src=\"https:\/\/konsbud.com\/wp-content\/uploads\/2022\/11\/Screenshot-2022-11-22-at-13.05.21.png\" class=\"\" alt=\"\" \/>    <\/div>\n<div class=\"kc-elm kc-css-796171\" style=\"height: 20px; clear: both; width:100%;\"><\/div><div class=\"kc-elm kc-css-907841 kc_text_block\"><\/p>\n<p><img loading=\"lazy\" decoding=\"async\" class=\"alignleft\" src=\"https:\/\/konsbud.com\/wp-content\/uploads\/2022\/11\/icon1.png\" alt=\"\" width=\"52\" height=\"45\" \/> <strong>Living room with kitchenette, bathroom, terrace<\/strong><\/p>\n<p>\n<\/div><div class=\"kc-elm kc-css-512468 kc_text_block\"><\/p>\n<p><strong><img loading=\"lazy\" decoding=\"async\" class=\"alignleft\" src=\"https:\/\/konsbud.com\/wp-content\/uploads\/2022\/11\/icon2.png\" alt=\"\" width=\"52\" height=\"45\" \/>Sleeping accommodations for<\/strong><br \/>2 people<\/p>\n<p>\n<\/div><div class=\"kc-elm kc-css-911316 kc_text_block\"><\/p>\n<p><strong><img loading=\"lazy\" decoding=\"async\" class=\"alignleft\" src=\"https:\/\/konsbud.com\/wp-content\/uploads\/2022\/11\/icon3.png\" alt=\"\" width=\"52\" height=\"45\" \/>Usable area<\/strong><br \/>31,37m<sup>2<\/sup><\/p>\n<p>\n<\/div><div class=\"kc-elm kc-css-140142 kc_text_block\"><\/p>\n<p><strong><img loading=\"lazy\" decoding=\"async\" class=\"alignleft\" src=\"https:\/\/konsbud.com\/wp-content\/uploads\/2022\/11\/icon4.png\" alt=\"\" width=\"52\" height=\"45\" \/>Built-up area\u00a0<\/strong><br \/>35m<sup>2<\/sup><\/p>\n<p>\n<\/div><div class=\"kc-elm kc-css-935693 kc_text_block\"><\/p>\n<p><strong><img loading=\"lazy\" decoding=\"async\" class=\"alignleft\" src=\"https:\/\/konsbud.com\/wp-content\/uploads\/2022\/11\/icon5.png\" alt=\"\" width=\"52\" height=\"45\" \/>Year-round<\/strong><br \/>Tak<\/p>\n<p>\n<\/div><\/div><\/div><div class=\"kc-elm kc-css-27882 kc_col-sm-8 kc_column kc_col-sm-8\"><div class=\"kc-col-container\"><div class=\"kc-elm kc-css-53457 kc_text_block\"><\/p>\n<p><strong>A home conforming to the following specifications:<\/strong><\/p>\n<ul style=\"font-weight: 400; line-height: normal;\">\n<li><span style=\"font-size: 12pt;\">Structure from BSH glulam<\/span><\/li>\n<li><span style=\"font-size: 12pt;\">Exterior walls \u2013 sandwich panels with a PIR core, 12-cm thick<br \/><\/span><\/li>\n<li><span style=\"font-size: 12pt;\">Partition structure<\/span><\/li>\n<li><span style=\"font-size: 12pt;\">Triple-glazed, energy-efficient windows <\/span><\/li>\n<li><span style=\"font-size: 12pt;\">Steel exterior doors<\/span><\/li>\n<li><span style=\"font-size: 12pt;\">Roof structure made of BSH glulam<\/span><\/li>\n<li><span style=\"font-size: 12pt;\">Roofing made of sandwich panels with a PIR core, 16-cm thick<br \/><\/span><\/li>\n<li><span style=\"font-size: 12pt;\">Exterior window sills<\/span><\/li>\n<li><span style=\"font-size: 12pt;\">Roof vents<\/span><\/li>\n<li><span style=\"font-size: 12pt;\">Electric heaters (3 wall-mount heaters)<\/span><\/li>\n<li><span style=\"font-size: 12pt;\">Electrical system (15 electrical points)<\/span><\/li>\n<\/ul>\n<div style=\"display: block; margin-top: 30px;\">Annual useful energy demand: 2068.85 kWh\/year\n<\/div>\n<p>\n<\/div><\/div><\/div><\/div><\/div><\/section><section class=\"kc-elm kc-css-124787 kc_row\"><div class=\"kc-row-container  kc-container\"><div class=\"kc-wrap-columns\"><div class=\"kc-elm kc-css-176577 kc_col-sm-12 kc_column kc_col-sm-12\"><div class=\"kc-col-container\"><div class=\"kc-elm kc-css-855282\" style=\"height: 50px; clear: both; width:100%;\"><\/div><\/div><\/div><\/div><\/div><\/section><section class=\"kc-elm kc-css-548241 kc_row\"><div class=\"kc-row-container  kc-container\"><div class=\"kc-wrap-columns\"><div class=\"kc-elm kc-css-291184 kc_col-sm-12 kc_column kc_col-sm-12\"><div class=\"kc-col-container\"><div class=\"kc-elm kc-css-549432\" style=\"height: 50px; clear: both; width:100%;\"><\/div><div class=\"kc-elm kc-css-235518\">\n\t<div class=\"kc-carousel_images kc-elm kc-css-235518\">\n\t\n\t\t<div class=\"kc-carousel-images owl-carousel-images kc-sync1  owl-nav-round\" data-owl-i-options='{\"items\":\"5\",\"tablet\":\"2\",\"mobile\":\"1\",\"speed\":\"500\",\"navigation\":\"yes\",\"pagination\":\"yes\",\"autoheight\":\"\",\"progressbar\":\"\",\"delay\":\"8\",\"autoplay\":\"yes\",\"showthumb\":\"\",\"num_thumb\":\"5\"}'>\n\t\n\t\t\t\t\t<div class=\"item\">\n\t\n\t\t\t<a class=\"kc-image-link kc-pretty-photo\" data-lightbox=\"kc-lightbox\" rel=\"prettyPhoto[235518]\" href=\"https:\/\/konsbud.com\/wp-content\/uploads\/2023\/01\/U9_2.jpg\"><img decoding=\"async\" src=\"https:\/\/konsbud.com\/wp-content\/uploads\/2023\/01\/U9_2-370x370.jpg\" alt=\"\" \/><\/a>\t\n\t\t\t<\/div>\n\t\n\t\t\t\t\t<div class=\"item\">\n\t\n\t\t\t<a class=\"kc-image-link kc-pretty-photo\" data-lightbox=\"kc-lightbox\" rel=\"prettyPhoto[235518]\" href=\"https:\/\/konsbud.com\/wp-content\/uploads\/2023\/01\/U8_2.jpg\"><img decoding=\"async\" src=\"https:\/\/konsbud.com\/wp-content\/uploads\/2023\/01\/U8_2-370x370.jpg\" alt=\"\" \/><\/a>\t\n\t\t\t<\/div>\n\t\n\t\t\t\t\t<div class=\"item\">\n\t\n\t\t\t<a class=\"kc-image-link kc-pretty-photo\" data-lightbox=\"kc-lightbox\" rel=\"prettyPhoto[235518]\" href=\"https:\/\/konsbud.com\/wp-content\/uploads\/2023\/01\/U3_2.jpg\"><img decoding=\"async\" src=\"https:\/\/konsbud.com\/wp-content\/uploads\/2023\/01\/U3_2-370x370.jpg\" alt=\"\" \/><\/a>\t\n\t\t\t<\/div>\n\t\n\t\t\t\t\t<div class=\"item\">\n\t\n\t\t\t<a class=\"kc-image-link kc-pretty-photo\" data-lightbox=\"kc-lightbox\" rel=\"prettyPhoto[235518]\" href=\"https:\/\/konsbud.com\/wp-content\/uploads\/2023\/01\/U1_2.jpg\"><img decoding=\"async\" src=\"https:\/\/konsbud.com\/wp-content\/uploads\/2023\/01\/U1_2-370x370.jpg\" alt=\"\" \/><\/a>\t\n\t\t\t<\/div>\n\t\n\t\t\t\t\t<div class=\"item\">\n\t\n\t\t\t<a class=\"kc-image-link kc-pretty-photo\" data-lightbox=\"kc-lightbox\" rel=\"prettyPhoto[235518]\" href=\"https:\/\/konsbud.com\/wp-content\/uploads\/2023\/01\/PI\u00aeTRO_1.png\"><img decoding=\"async\" src=\"https:\/\/konsbud.com\/wp-content\/uploads\/2023\/01\/PI\u00aeTRO_1-370x370.png\" alt=\"\" \/><\/a>\t\n\t\t\t<\/div>\n\t\n\t\t\t\t\t<div class=\"item\">\n\t\n\t\t\t<a class=\"kc-image-link kc-pretty-photo\" data-lightbox=\"kc-lightbox\" rel=\"prettyPhoto[235518]\" href=\"https:\/\/konsbud.com\/wp-content\/uploads\/2023\/01\/PARTER_2.png\"><img decoding=\"async\" src=\"https:\/\/konsbud.com\/wp-content\/uploads\/2023\/01\/PARTER_2-370x370.png\" alt=\"\" \/><\/a>\t\n\t\t\t<\/div>\n\t\n\t\t\t\t\t<div class=\"item\">\n\t\n\t\t\t<a class=\"kc-image-link kc-pretty-photo\" data-lightbox=\"kc-lightbox\" rel=\"prettyPhoto[235518]\" href=\"https:\/\/konsbud.com\/wp-content\/uploads\/2023\/01\/major5-2.jpg\"><img decoding=\"async\" src=\"https:\/\/konsbud.com\/wp-content\/uploads\/2023\/01\/major5-2-370x370.jpg\" alt=\"\" \/><\/a>\t\n\t\t\t<\/div>\n\t\n\t\t\t\t\t<div class=\"item\">\n\t\n\t\t\t<a class=\"kc-image-link kc-pretty-photo\" data-lightbox=\"kc-lightbox\" rel=\"prettyPhoto[235518]\" href=\"https:\/\/konsbud.com\/wp-content\/uploads\/2023\/01\/major4-2.jpg\"><img decoding=\"async\" src=\"https:\/\/konsbud.com\/wp-content\/uploads\/2023\/01\/major4-2-370x370.jpg\" alt=\"\" \/><\/a>\t\n\t\t\t<\/div>\n\t\n\t\t\t\t\t<div class=\"item\">\n\t\n\t\t\t<a class=\"kc-image-link kc-pretty-photo\" data-lightbox=\"kc-lightbox\" rel=\"prettyPhoto[235518]\" href=\"https:\/\/konsbud.com\/wp-content\/uploads\/2023\/01\/major3-2.jpg\"><img decoding=\"async\" src=\"https:\/\/konsbud.com\/wp-content\/uploads\/2023\/01\/major3-2-370x370.jpg\" alt=\"\" \/><\/a>\t\n\t\t\t<\/div>\n\t\n\t\t\t\t\t<div class=\"item\">\n\t\n\t\t\t<a class=\"kc-image-link kc-pretty-photo\" data-lightbox=\"kc-lightbox\" rel=\"prettyPhoto[235518]\" href=\"https:\/\/konsbud.com\/wp-content\/uploads\/2023\/01\/major2-2.jpg\"><img decoding=\"async\" src=\"https:\/\/konsbud.com\/wp-content\/uploads\/2023\/01\/major2-2-370x370.jpg\" alt=\"\" \/><\/a>\t\n\t\t\t<\/div>\n\t\n\t\t\t\t\t<div class=\"item\">\n\t\n\t\t\t<a class=\"kc-image-link kc-pretty-photo\" data-lightbox=\"kc-lightbox\" rel=\"prettyPhoto[235518]\" href=\"https:\/\/konsbud.com\/wp-content\/uploads\/2023\/01\/major1-2.jpg\"><img decoding=\"async\" src=\"https:\/\/konsbud.com\/wp-content\/uploads\/2023\/01\/major1-2-370x370.jpg\" alt=\"\" \/><\/a>\t\n\t\t\t<\/div>\n\t\n\t\t\t\n\t\t<\/div>\n\t\n\t\t\t<\/div>\n<\/div>\n<\/div><\/div><\/div><\/div><\/section><section class=\"kc-elm kc-css-249844 kc_row\"><div class=\"kc-row-container  kc-container\"><div class=\"kc-wrap-columns\"><div class=\"kc-elm kc-css-772183 kc_col-sm-12 kc_column kc_col-sm-12\"><div class=\"kc-col-container\"><div class=\"kc-elm kc-css-67316\" style=\"height: 50px; clear: both; width:100%;\"><\/div><\/div><\/div><\/div><\/div><\/section><section class=\"kc-elm kc-css-193734 kc_row\"><div class=\"kc-row-container  kc-container\"><div class=\"kc-wrap-columns\"><div class=\"kc-elm kc-css-464631 kc_col-sm-4 kc_column kc_col-sm-4\"><div class=\"kc-col-container\"><div class=\"kc-elm kc-css-657614 kc_shortcode kc_single_image\">\n\n        <img decoding=\"async\" src=\"https:\/\/konsbud.com\/wp-content\/uploads\/2022\/11\/Screenshot-2022-11-22-at-15.00.05.png\" class=\"\" alt=\"\" \/>    <\/div>\n<div class=\"kc-elm kc-css-1658\" style=\"height: 20px; clear: both; width:100%;\"><\/div><div class=\"kc-elm kc-css-563765 kc_text_block\"><\/p>\n<p><img loading=\"lazy\" decoding=\"async\" class=\"alignleft\" src=\"https:\/\/konsbud.com\/wp-content\/uploads\/2022\/11\/icon1.png\" alt=\"\" width=\"52\" height=\"45\" \/> <strong>Bedroom, bathroom, living room with kitchen<\/strong><\/p>\n<p>\n<\/div><div class=\"kc-elm kc-css-379426 kc_text_block\"><\/p>\n<p><strong><img loading=\"lazy\" decoding=\"async\" class=\"alignleft\" src=\"https:\/\/konsbud.com\/wp-content\/uploads\/2022\/11\/icon2.png\" alt=\"\" width=\"52\" height=\"45\">Sleeping accommodations for<\/strong><br \/>6 people<\/p>\n<p>\n<\/div><div class=\"kc-elm kc-css-755135 kc_text_block\"><\/p>\n<p><strong><img loading=\"lazy\" decoding=\"async\" class=\"alignleft\" src=\"https:\/\/konsbud.com\/wp-content\/uploads\/2022\/11\/icon3.png\" alt=\"\" width=\"52\" height=\"45\" \/>Usable area<\/strong><br \/>58,07m<sup>2<\/sup><\/p>\n<p>\n<\/div><div class=\"kc-elm kc-css-100465 kc_text_block\"><\/p>\n<p><strong><img loading=\"lazy\" decoding=\"async\" class=\"alignleft\" src=\"https:\/\/konsbud.com\/wp-content\/uploads\/2022\/11\/icon4.png\" alt=\"\" width=\"52\" height=\"45\" \/>Built-up area\u00a0<\/strong><br \/>35m<sup>2<\/sup><\/p>\n<p>\n<\/div><div class=\"kc-elm kc-css-725920 kc_text_block\"><\/p>\n<p><strong><img loading=\"lazy\" decoding=\"async\" class=\"alignleft\" src=\"https:\/\/konsbud.com\/wp-content\/uploads\/2022\/11\/icon5.png\" alt=\"\" width=\"52\" height=\"45\" \/>Year-round<\/strong><br \/>Tak<\/p>\n<p>\n<\/div><\/div><\/div><div class=\"kc-elm kc-css-569339 kc_col-sm-8 kc_column kc_col-sm-8\"><div class=\"kc-col-container\"><div class=\"kc-elm kc-css-713086 kc_text_block\"><\/p>\n<p><strong>A home conforming to the following specifications:<\/strong><\/p>\n<ul style=\"font-weight: 400; line-height: normal;\">\n<li>Timber stairs<\/li>\n<li>Structure from BSH glulam<\/li>\n<li>Exterior walls \u2013 sandwich panels with a PIR core, 12-cm thick<\/li>\n<li>Partition structure<\/li>\n<li>Triple-glazed, energy-efficient windows<\/li>\n<li>Steel exterior doors<\/li>\n<li>Roof structure made of BSH glulam<\/li>\n<li>Roofing made of sandwich panels with a PIR core, 16-cm thick<\/li>\n<li>Exterior window sills<\/li>\n<li>Roof vents<\/li>\n<li>Electric heaters (4 wall-mount heaters)<\/li>\n<li>Electrical system (25 electrical points)<\/li>\n<\/ul>\n<div style=\"display: block; margin-top: 30px;\">Annual useful energy demand: 3290.82 kWh\/year\n<\/div>\n<p>\n<\/div><\/div><\/div><\/div><\/div><\/section><section class=\"kc-elm kc-css-876916 kc_row\"><div class=\"kc-row-container  kc-container\"><div class=\"kc-wrap-columns\"><div class=\"kc-elm kc-css-606263 kc_col-sm-12 kc_column kc_col-sm-12\"><div class=\"kc-col-container\"><div class=\"kc-elm kc-css-866492 kc-raw-code\"><style>\r\n.owl-nav-round.owl-theme .owl-controls .owl-buttons div{\r\nbackground: #532b8b;\r\n}\r\n.kc_text_block ul, .kc_text_block li{\r\nmargin: 0; \r\nmargin-left: 10px;\r\n}\r\n<\/style><\/div><\/div><\/div><\/div><\/div><\/section><section class=\"kc-elm kc-css-556512 kc_row\"><div class=\"kc-row-container  kc-container\"><div class=\"kc-wrap-columns\"><div class=\"kc-elm kc-css-904593 kc_col-sm-12 kc_column kc_col-sm-12\"><div class=\"kc-col-container\"><div class=\"kc-elm kc-css-742019\" style=\"height: 50px; clear: both; width:100%;\"><\/div><\/div><\/div><\/div><\/div><\/section><section class=\"kc-elm kc-css-341364 kc_row\"><div class=\"kc-row-container  kc-container\"><div class=\"kc-wrap-columns\"><div class=\"kc-elm kc-css-10489 kc_col-sm-12 kc-animated kc-animate-eff-fadeIn kc_column kc_col-sm-12\"><div class=\"kc-col-container\"><div class=\"kc-elm kc-css-939737 kc_text_block\"><\/p>\n<p style=\"font-weight: 400; text-align: center;\"><span style=\"font-size: 14pt;\">Skontaktuj si\u0119 z nami w dogodny dla Ciebie spos\u00f3b.<\/span><\/p>\n<p style=\"font-weight: 400; text-align: center;\"><span style=\"font-size: 14pt;\"><strong>Szymon i Pawe\u0142<\/strong> doradz\u0105 oraz odpowiedz\u0105 na wszystkie nurtuj\u0105ce Ciebie pytania.<\/span><\/p>\n<p>\n<\/div><\/div><\/div><\/div><\/div><\/section><section class=\"kc-elm kc-css-987408 kc_row\"><div class=\"kc-row-container  kc-container\"><div class=\"kc-wrap-columns\"><div class=\"kc-elm kc-css-66817 kc_col-sm-12 kc_column kc_col-sm-12\"><div class=\"kc-col-container\"><div class=\"kc-elm kc-css-410072\" style=\"height: 50px; clear: both; width:100%;\"><\/div><\/div><\/div><\/div><\/div><\/section><section class=\"kc-elm kc-css-825589 kc_row\"><div class=\"kc-row-container  kc-container\"><div class=\"kc-wrap-columns\"><div class=\"kc-elm kc-css-385031 kc_col-sm-1 kc_column kc_col-sm-1\"><div class=\"kc-col-container\"><\/div><\/div><div class=\"kc-elm kc-css-872145 kc_col-sm-5 kc_column kc_col-sm-5\"><div class=\"kc-col-container\">\n<div class=\"kc-elm kc-css-71628 kc-team kc-team-1\">\n\n\t<figure class=\"content-image\"><img decoding=\"async\" src=\"https:\/\/konsbud.com\/wp-content\/uploads\/2018\/01\/team-4.jpg\" alt=\"\"><\/figure><div class=\"content-title\">Andrzej Nowak<\/div><div class=\"content-subtitle\">Manager<\/div><div class=\"content-desc\">+48 500 500 500<\/div><div class=\"content-socials\"><a href=\"info@info.pl\" target=\"_blank\"><i class=\"fa-envelope\"><\/i><\/a><\/div>\n<\/div>\n<\/div><\/div><div class=\"kc-elm kc-css-379569 kc_col-sm-5 kc_column kc_col-sm-5\"><div class=\"kc-col-container\">\n<div class=\"kc-elm kc-css-380621 kc-team kc-team-1\">\n\n\t<figure class=\"content-image\"><img decoding=\"async\" src=\"https:\/\/konsbud.com\/wp-content\/uploads\/2018\/01\/team-4.jpg\" alt=\"\"><\/figure><div class=\"content-title\">Marcin Cuprych<\/div><div class=\"content-subtitle\">Manager<\/div><div class=\"content-desc\">+48 600 887 057\r\n<hr>\r\nmc@konsbud.com<\/div><div class=\"content-socials\"><a href=\"info@info.pl\" target=\"_blank\"><i class=\"fa-envelope\"><\/i><\/a><\/div>\n<\/div>\n<\/div><\/div><div class=\"kc-elm kc-css-921763 kc_col-sm-1 kc_column kc_col-sm-1\"><div class=\"kc-col-container\"><\/div><\/div><\/div><\/div><\/section><section class=\"kc-elm kc-css-882552 kc_row\"><div class=\"kc-row-container  kc-container\"><div class=\"kc-wrap-columns\"><div class=\"kc-elm kc-css-53639 kc_col-sm-12 kc_column kc_col-sm-12\"><div class=\"kc-col-container\"><div class=\"kc-elm kc-css-961572\" style=\"height: 50px; clear: both; width:100%;\"><\/div><\/div><\/div><\/div><\/div><\/section><section class=\"kc-elm kc-css-841047 kc_row\"><div class=\"kc-row-container  kc-container\"><div class=\"kc-wrap-columns\"><div class=\"kc-elm kc-css-744077 kc_col-sm-6 kc_column kc_col-sm-6\"><div class=\"kc-col-container\"><div class=\"kc-elm kc-css-817198 kc_text_block\"><\/p>\n<p style=\"text-align: center;\">Interested in our product<br \/>MODULAR HOMES?<br \/><strong>Write to us!<br \/><\/strong>We will call you back and arrange all the details<\/p>\n<p>\n<\/div><\/div><\/div><div class=\"kc-elm kc-css-505786 kc_col-sm-6 kc_column kc_col-sm-6\"><div class=\"kc-col-container\"><div class=\"kc-contact-form7 kc-elm kc-css-122912 contact-form\">\n<div class=\"wpcf7 no-js\" id=\"wpcf7-f10779-o1\" lang=\"en-US\" dir=\"ltr\" data-wpcf7-id=\"10779\">\n<div class=\"screen-reader-response\"><p role=\"status\" aria-live=\"polite\" aria-atomic=\"true\"><\/p> <ul><\/ul><\/div>\n<form action=\"\/en\/wp-json\/wp\/v2\/pages\/10648#wpcf7-f10779-o1\" method=\"post\" class=\"wpcf7-form init\" aria-label=\"Contact form\" novalidate=\"novalidate\" data-status=\"init\">\n<fieldset class=\"hidden-fields-container\"><input type=\"hidden\" name=\"_wpcf7\" value=\"10779\" \/><input type=\"hidden\" name=\"_wpcf7_version\" value=\"6.1.5\" \/><input type=\"hidden\" name=\"_wpcf7_locale\" value=\"en_US\" \/><input type=\"hidden\" name=\"_wpcf7_unit_tag\" value=\"wpcf7-f10779-o1\" \/><input type=\"hidden\" name=\"_wpcf7_container_post\" value=\"0\" \/><input type=\"hidden\" name=\"_wpcf7_posted_data_hash\" value=\"\" \/><input type=\"hidden\" name=\"_wpcf7_recaptcha_response\" value=\"\" \/>\n<\/fieldset>\n<div class=\"row clearfix\">\n\t<div class=\"col-md-12 col-sm-12 col-xs-12 form-group\">\n\t\t<p><span class=\"wpcf7-form-control-wrap\" data-name=\"text-196\"><input size=\"40\" maxlength=\"400\" class=\"wpcf7-form-control wpcf7-text wpcf7-validates-as-required\" aria-required=\"true\" aria-invalid=\"false\" placeholder=\"First and last name\" value=\"\" type=\"text\" name=\"text-196\" \/><\/span>\n\t\t<\/p>\n\t<\/div>\n\t<div class=\"col-md-12 col-sm-12 col-xs-12 form-group\">\n\t\t<p><span class=\"wpcf7-form-control-wrap\" data-name=\"email-454\"><input size=\"40\" maxlength=\"400\" class=\"wpcf7-form-control wpcf7-email wpcf7-validates-as-required wpcf7-text wpcf7-validates-as-email\" aria-required=\"true\" aria-invalid=\"false\" placeholder=\"E-mail address\" value=\"\" type=\"email\" name=\"email-454\" \/><\/span>\n\t\t<\/p>\n\t<\/div>\n\t<div class=\"col-md-12 col-sm-12 col-xs-12 form-group\">\n\t\t<p><span class=\"wpcf7-form-control-wrap\" data-name=\"tel-464\"><input size=\"40\" maxlength=\"400\" class=\"wpcf7-form-control wpcf7-text wpcf7-validates-as-required\" aria-required=\"true\" aria-invalid=\"false\" placeholder=\"Phone\" value=\"\" type=\"text\" name=\"tel-464\" \/><\/span>\n\t\t<\/p>\n\t<\/div>\n\t<div class=\"col-lg-12 col-md-12 col-sm-12 col-xs-12 form-group\">\n\t\t<p><span class=\"wpcf7-form-control-wrap\" data-name=\"acceptance-576\"><span class=\"wpcf7-form-control wpcf7-acceptance\"><span class=\"wpcf7-list-item\"><label><input type=\"checkbox\" name=\"acceptance-576\" value=\"1\" aria-invalid=\"false\" \/><span class=\"wpcf7-list-item-label\">I agree to the processing of my personal data for the purposes and under the terms of the <a href=\"\/polityka-prywatnosci\" target=\"_blank\">Privacy Policy<\/a><\/span><\/label><\/span><\/span><\/span>\n\t\t<\/p>\n\t<\/div>\n\t<div class=\"col-lg-12 col-md-12 col-sm-12 col-xs-12 form-group\">\n\t<input class=\"wpcf7-form-control wpcf7-hidden\" id=\"product-field\" value=\"\" type=\"hidden\" name=\"product-field\" \/>\n\t\t<p><input class=\"wpcf7-form-control wpcf7-submit has-spinner theme-btn btn-style-four\" type=\"submit\" value=\"Send\" \/>\n\t\t<\/p>\n\t<\/div>\n<\/div><div class=\"wpcf7-response-output\" aria-hidden=\"true\"><\/div>\n<\/form>\n<\/div>\n<\/div><div class=\"kc-elm kc-css-477782 kc-raw-code\"><script>\r\nconst attributeValue = \"MODULAR HOMES\"\r\nconst element = document.getElementById(\"product-field\");\r\nelement.setAttribute(\"value\", attributeValue)\r\n<\/script><\/div><\/div><\/div><\/div><\/div><\/section><\/p>\n","protected":false},"excerpt":{"rendered":"","protected":false},"author":3,"featured_media":0,"parent":10588,"menu_order":0,"comment_status":"closed","ping_status":"closed","template":"","meta":{"footnotes":""},"class_list":["post-10648","page","type-page","status-publish","hentry"],"_links":{"self":[{"href":"https:\/\/konsbud.com\/en\/wp-json\/wp\/v2\/pages\/10648","targetHints":{"allow":["GET"]}}],"collection":[{"href":"https:\/\/konsbud.com\/en\/wp-json\/wp\/v2\/pages"}],"about":[{"href":"https:\/\/konsbud.com\/en\/wp-json\/wp\/v2\/types\/page"}],"author":[{"embeddable":true,"href":"https:\/\/konsbud.com\/en\/wp-json\/wp\/v2\/users\/3"}],"replies":[{"embeddable":true,"href":"https:\/\/konsbud.com\/en\/wp-json\/wp\/v2\/comments?post=10648"}],"version-history":[{"count":8,"href":"https:\/\/konsbud.com\/en\/wp-json\/wp\/v2\/pages\/10648\/revisions"}],"predecessor-version":[{"id":10786,"href":"https:\/\/konsbud.com\/en\/wp-json\/wp\/v2\/pages\/10648\/revisions\/10786"}],"up":[{"embeddable":true,"href":"https:\/\/konsbud.com\/en\/wp-json\/wp\/v2\/pages\/10588"}],"wp:attachment":[{"href":"https:\/\/konsbud.com\/en\/wp-json\/wp\/v2\/media?parent=10648"}],"curies":[{"name":"wp","href":"https:\/\/api.w.org\/{rel}","templated":true}]}}